{"id":746,"date":"2024-10-22T14:21:18","date_gmt":"2024-10-22T11:21:18","guid":{"rendered":"https:\/\/www.tomrukatasmani.com\/?page_id=746"},"modified":"2024-10-22T14:27:26","modified_gmt":"2024-10-22T11:27:26","slug":"tomruk-atasmanlari","status":"publish","type":"page","link":"https:\/\/www.tomrukatasmani.com\/?page_id=746","title":{"rendered":"Tomruk Ata\u015fmanlar\u0131"},"content":{"rendered":"\t\t<div data-elementor-type=\"wp-page\" data-elementor-id=\"746\" class=\"elementor elementor-746\">\n\t\t\t\t<div class=\"elementor-element elementor-element-b94eb1a e-flex e-con-boxed e-con e-parent\" data-id=\"b94eb1a\" data-element_type=\"container\">\n\t\t\t\t\t<div class=\"e-con-inner\">\n\t\t\t\t<div class=\"elementor-element elementor-element-677595f elementor-widget elementor-widget-text-editor\" data-id=\"677595f\" data-element_type=\"widget\" data-widget_type=\"text-editor.default\">\n\t\t\t\t<div class=\"elementor-widget-container\">\n\t\t\t\t\t\t\t<p>Tomruk ata\u015fmanlar\u0131, genellikle in\u015faat, ormanc\u0131l\u0131k ve tar\u0131m sekt\u00f6rlerinde kullan\u0131lan ekipmanlard\u0131r. Bu ata\u015fmanlar, a\u011f\u0131r makinelerle (\u00f6rne\u011fin, ekskavat\u00f6rler, forkliftler) birlikte kullan\u0131larak tomruk, a\u011fa\u00e7 veya di\u011fer a\u011f\u0131r y\u00fcklerin ta\u015f\u0131nmas\u0131n\u0131, kald\u0131r\u0131lmas\u0131n\u0131 ve yerle\u015ftirilmesini kolayla\u015ft\u0131r\u0131r.<\/p><h3>Tomruk Ata\u015fmanlar\u0131n\u0131n Temel \u00d6zellikleri:<\/h3><ol><li><strong>Dayan\u0131kl\u0131l\u0131k:<\/strong> A\u011f\u0131r y\u00fckleri ta\u015f\u0131yabilen, sa\u011flam malzemelerden \u00fcretilirler.<\/li><li><strong>\u00c7e\u015fitli Tasar\u0131mlar:<\/strong> Farkl\u0131 uygulamalara uygun \u00e7e\u015fitli tasar\u0131mlar\u0131 bulunur (\u00f6rne\u011fin, tomruk k\u0131ska\u00e7lar\u0131, tomruk tutucular).<\/li><li><strong>Verimlilik:<\/strong> Y\u00fcklerin h\u0131zl\u0131 ve g\u00fcvenli bir \u015fekilde ta\u015f\u0131nmas\u0131n\u0131 sa\u011flar, i\u015f g\u00fcc\u00fcn\u00fc azalt\u0131r.<\/li><li><strong>Uyumluluk:<\/strong> Genellikle farkl\u0131 makinelerle uyumlu olacak \u015fekilde tasarlan\u0131r.<\/li><\/ol><p>Tomruk ata\u015fmanlar\u0131, ormanc\u0131l\u0131kta a\u011fa\u00e7lar\u0131n kesiminden sonra ta\u015f\u0131nmas\u0131nda, in\u015faat alanlar\u0131nda malzeme ta\u015f\u0131ma i\u015flemlerinde ve tar\u0131mda \u00e7e\u015fitli uygulamalarda kullan\u0131l\u0131r. Bu sayede i\u015f s\u00fcre\u00e7lerini h\u0131zland\u0131r\u0131r ve g\u00fcvenli bir \u00e7al\u0131\u015fma ortam\u0131 olu\u015fturur.<\/p>\t\t\t\t\t\t<\/div>\n\t\t\t\t<\/div>\n\t\t\t\t\t<\/div>\n\t\t\t\t<\/div>\n\t\t<div class=\"elementor-element elementor-element-878511b e-flex e-con-boxed e-con e-parent\" data-id=\"878511b\" data-element_type=\"container\">\n\t\t\t\t\t<div class=\"e-con-inner\">\n\t\t\t\t<div class=\"elementor-element elementor-element-39bee40 elementor-widget elementor-widget-gva-gallery\" data-id=\"39bee40\" data-element_type=\"widget\" data-widget_type=\"gva-gallery.default\">\n\t\t\t\t<div class=\"elementor-widget-container\">\n\t\t\t<div class=\"gva-element-gva-gallery gva-element\">  \r\n  \t<div class=\"gva-gallery-grid clearfix\">\r\n\t\t<div class=\"gva-content-items\"> \r\n\t\t  \t<div class=\"lg-block-grid-3 md-block-grid-3 sm-block-grid-2 xs-block-grid-1 xx-block-grid-1\">\r\n\t\t\t \t<div class=\"item\">\r\n<div class=\"gallery-item style-2\">\r\n         <div class=\"image\">\r\n         <img decoding=\"async\" src=\"https:\/\/www.tomrukatasmani.com\/wp-content\/uploads\/2024\/10\/i-1.webp\" alt=\"\" \/>  \r\n      <\/div>\r\n      <a class=\"photo-gallery\" href=\"https:\/\/www.tomrukatasmani.com\/wp-content\/uploads\/2024\/10\/i-1.webp\" data-elementor-lightbox-slideshow=\"gallery-vo66\" aria-label=\"gallery\"><i class=\"fas fa-expand\"><\/i><\/a>\r\n   \r\n   <div class=\"image-content\">\r\n        \r\n   <\/div>\r\n<\/div>\r\n<\/div><div class=\"item\">\r\n<div class=\"gallery-item style-2\">\r\n         <div class=\"image\">\r\n         <img decoding=\"async\" src=\"https:\/\/www.tomrukatasmani.com\/wp-content\/uploads\/2024\/10\/shutterstock_197927912-min-1-600x400.jpg\" alt=\"\" \/>  \r\n      <\/div>\r\n      <a class=\"photo-gallery\" href=\"https:\/\/www.tomrukatasmani.com\/wp-content\/uploads\/2024\/10\/shutterstock_197927912-min-1.jpg\" data-elementor-lightbox-slideshow=\"gallery-vo66\" aria-label=\"gallery\"><i class=\"fas fa-expand\"><\/i><\/a>\r\n   \r\n   <div class=\"image-content\">\r\n        \r\n   <\/div>\r\n<\/div>\r\n<\/div><div class=\"item\">\r\n<div class=\"gallery-item style-2\">\r\n         <div class=\"image\">\r\n         <img decoding=\"async\" src=\"https:\/\/www.tomrukatasmani.com\/wp-content\/uploads\/2024\/10\/320222-1-600x400.jpg\" alt=\"\" \/>  \r\n      <\/div>\r\n      <a class=\"photo-gallery\" href=\"https:\/\/www.tomrukatasmani.com\/wp-content\/uploads\/2024\/10\/320222-1.jpg\" data-elementor-lightbox-slideshow=\"gallery-vo66\" aria-label=\"gallery\"><i class=\"fas fa-expand\"><\/i><\/a>\r\n   \r\n   <div class=\"image-content\">\r\n        \r\n   <\/div>\r\n<\/div>\r\n<\/div><div class=\"item\">\r\n<div class=\"gallery-item style-2\">\r\n         <div class=\"image\">\r\n         <img decoding=\"async\" src=\"https:\/\/www.tomrukatasmani.com\/wp-content\/uploads\/2024\/10\/Bannerimage-5957-1-600x399.jpg\" alt=\"\" \/>  \r\n      <\/div>\r\n      <a class=\"photo-gallery\" href=\"https:\/\/www.tomrukatasmani.com\/wp-content\/uploads\/2024\/10\/Bannerimage-5957-1.jpg\" data-elementor-lightbox-slideshow=\"gallery-vo66\" aria-label=\"gallery\"><i class=\"fas fa-expand\"><\/i><\/a>\r\n   \r\n   <div class=\"image-content\">\r\n        \r\n   <\/div>\r\n<\/div>\r\n<\/div><div class=\"item\">\r\n<div class=\"gallery-item style-2\">\r\n         <div class=\"image\">\r\n         <img decoding=\"async\" src=\"https:\/\/www.tomrukatasmani.com\/wp-content\/uploads\/2024\/10\/i.webp\" alt=\"\" \/>  \r\n      <\/div>\r\n      <a class=\"photo-gallery\" href=\"https:\/\/www.tomrukatasmani.com\/wp-content\/uploads\/2024\/10\/i.webp\" data-elementor-lightbox-slideshow=\"gallery-vo66\" aria-label=\"gallery\"><i class=\"fas fa-expand\"><\/i><\/a>\r\n   \r\n   <div class=\"image-content\">\r\n        \r\n   <\/div>\r\n<\/div>\r\n<\/div><div class=\"item\">\r\n<div class=\"gallery-item style-2\">\r\n         <div class=\"image\">\r\n         <img decoding=\"async\" src=\"https:\/\/www.tomrukatasmani.com\/wp-content\/uploads\/2024\/10\/shutterstock_197927912-min-600x400.jpg\" alt=\"\" \/>  \r\n      <\/div>\r\n      <a class=\"photo-gallery\" href=\"https:\/\/www.tomrukatasmani.com\/wp-content\/uploads\/2024\/10\/shutterstock_197927912-min.jpg\" data-elementor-lightbox-slideshow=\"gallery-vo66\" aria-label=\"gallery\"><i class=\"fas fa-expand\"><\/i><\/a>\r\n   \r\n   <div class=\"image-content\">\r\n        \r\n   <\/div>\r\n<\/div>\r\n<\/div><div class=\"item\">\r\n<div class=\"gallery-item style-2\">\r\n         <div class=\"image\">\r\n         <img decoding=\"async\" src=\"https:\/\/www.tomrukatasmani.com\/wp-content\/uploads\/2024\/10\/320222-600x400.jpg\" alt=\"\" \/>  \r\n      <\/div>\r\n      <a class=\"photo-gallery\" href=\"https:\/\/www.tomrukatasmani.com\/wp-content\/uploads\/2024\/10\/320222.jpg\" data-elementor-lightbox-slideshow=\"gallery-vo66\" aria-label=\"gallery\"><i class=\"fas fa-expand\"><\/i><\/a>\r\n   \r\n   <div class=\"image-content\">\r\n        \r\n   <\/div>\r\n<\/div>\r\n<\/div><div class=\"item\">\r\n<div class=\"gallery-item style-2\">\r\n         <div class=\"image\">\r\n         <img decoding=\"async\" src=\"https:\/\/www.tomrukatasmani.com\/wp-content\/uploads\/2024\/10\/Bannerimage-5957-600x399.jpg\" alt=\"\" \/>  \r\n      <\/div>\r\n      <a class=\"photo-gallery\" href=\"https:\/\/www.tomrukatasmani.com\/wp-content\/uploads\/2024\/10\/Bannerimage-5957.jpg\" data-elementor-lightbox-slideshow=\"gallery-vo66\" aria-label=\"gallery\"><i class=\"fas fa-expand\"><\/i><\/a>\r\n   \r\n   <div class=\"image-content\">\r\n        \r\n   <\/div>\r\n<\/div>\r\n<\/div><div class=\"item\">\r\n<div class=\"gallery-item style-2\">\r\n         <div class=\"image\">\r\n         <img decoding=\"async\" src=\"https:\/\/www.tomrukatasmani.com\/wp-content\/uploads\/2024\/10\/61aa5bba35814a00195e7d1a-1-600x300.webp\" alt=\"\" \/>  \r\n      <\/div>\r\n      <a class=\"photo-gallery\" href=\"https:\/\/www.tomrukatasmani.com\/wp-content\/uploads\/2024\/10\/61aa5bba35814a00195e7d1a-1.webp\" data-elementor-lightbox-slideshow=\"gallery-vo66\" aria-label=\"gallery\"><i class=\"fas fa-expand\"><\/i><\/a>\r\n   \r\n   <div class=\"image-content\">\r\n        \r\n   <\/div>\r\n<\/div>\r\n<\/div><div class=\"item\">\r\n<div class=\"gallery-item style-2\">\r\n         <div class=\"image\">\r\n         <img decoding=\"async\" src=\"https:\/\/www.tomrukatasmani.com\/wp-content\/uploads\/2024\/10\/WhatsApp-Image-2022-03-24-at-09.56.51-1-pnokfmtbn3eosrmfv0o06k7mn6ikmp2tyaw1p50774.jpeg\" alt=\"\" \/>  \r\n      <\/div>\r\n      <a class=\"photo-gallery\" href=\"https:\/\/www.tomrukatasmani.com\/wp-content\/uploads\/2024\/10\/WhatsApp-Image-2022-03-24-at-09.56.51-1-pnokfmtbn3eosrmfv0o06k7mn6ikmp2tyaw1p50774.jpeg\" data-elementor-lightbox-slideshow=\"gallery-vo66\" aria-label=\"gallery\"><i class=\"fas fa-expand\"><\/i><\/a>\r\n   \r\n   <div class=\"image-content\">\r\n        \r\n   <\/div>\r\n<\/div>\r\n<\/div>\t\t  \t<\/div>\r\n\t\t<\/div>\r\n  \t<\/div>\r\n<\/div>\t\t<\/div>\n\t\t\t\t<\/div>\n\t\t\t\t\t<\/div>\n\t\t\t\t<\/div>\n\t\t\t\t<\/div>\n\t\t","protected":false},"excerpt":{"rendered":"<p>Tomruk ata\u015fmanlar\u0131, genellikle in\u015faat, ormanc\u0131l\u0131k ve tar\u0131m sekt\u00f6rlerinde kullan\u0131lan ekipmanlard\u0131r. Bu ata\u015fmanlar, a\u011f\u0131r makinelerle (\u00f6rne\u011fin, ekskavat\u00f6rler, forkliftler) birlikte kullan\u0131larak tomruk, a\u011fa\u00e7 veya di\u011fer a\u011f\u0131r y\u00fcklerin ta\u015f\u0131nmas\u0131n\u0131, kald\u0131r\u0131lmas\u0131n\u0131 ve yerle\u015ftirilmesini kolayla\u015ft\u0131r\u0131r. Tomruk Ata\u015fmanlar\u0131n\u0131n Temel \u00d6zellikleri: Dayan\u0131kl\u0131l\u0131k: A\u011f\u0131r y\u00fckleri ta\u015f\u0131yabilen, sa\u011flam malzemelerden \u00fcretilirler. \u00c7e\u015fitli Tasar\u0131mlar: Farkl\u0131 uygulamalara uygun \u00e7e\u015fitli tasar\u0131mlar\u0131 bulunur (\u00f6rne\u011fin, tomruk k\u0131ska\u00e7lar\u0131, tomruk tutucular). Verimlilik: [&hellip;]<\/p>\n","protected":false},"author":1,"featured_media":0,"parent":0,"menu_order":0,"comment_status":"closed","ping_status":"closed","template":"","meta":{"footnotes":""},"class_list":["post-746","page","type-page","status-publish","hentry"],"_links":{"self":[{"href":"https:\/\/www.tomrukatasmani.com\/index.php?rest_route=\/wp\/v2\/pages\/746","targetHints":{"allow":["GET"]}}],"collection":[{"href":"https:\/\/www.tomrukatasmani.com\/index.php?rest_route=\/wp\/v2\/pages"}],"about":[{"href":"https:\/\/www.tomrukatasmani.com\/index.php?rest_route=\/wp\/v2\/types\/page"}],"author":[{"embeddable":true,"href":"https:\/\/www.tomrukatasmani.com\/index.php?rest_route=\/wp\/v2\/users\/1"}],"replies":[{"embeddable":true,"href":"https:\/\/www.tomrukatasmani.com\/index.php?rest_route=%2Fwp%2Fv2%2Fcomments&post=746"}],"version-history":[{"count":7,"href":"https:\/\/www.tomrukatasmani.com\/index.php?rest_route=\/wp\/v2\/pages\/746\/revisions"}],"predecessor-version":[{"id":765,"href":"https:\/\/www.tomrukatasmani.com\/index.php?rest_route=\/wp\/v2\/pages\/746\/revisions\/765"}],"wp:attachment":[{"href":"https:\/\/www.tomrukatasmani.com\/index.php?rest_route=%2Fwp%2Fv2%2Fmedia&parent=746"}],"curies":[{"name":"wp","href":"https:\/\/api.w.org\/{rel}","templated":true}]}}