{"id":744,"date":"2024-10-22T14:20:35","date_gmt":"2024-10-22T11:20:35","guid":{"rendered":"https:\/\/www.tomrukatasmani.com\/?page_id=744"},"modified":"2024-10-22T14:20:35","modified_gmt":"2024-10-22T11:20:35","slug":"hakkimizda","status":"publish","type":"page","link":"https:\/\/www.tomrukatasmani.com\/?page_id=744","title":{"rendered":"Hakk\u0131m\u0131zda"},"content":{"rendered":"<p>Tar\u0131m, orman ve in\u015faat sekt\u00f6rlerinde kullan\u0131lan tomruk ata\u015fmanlar\u0131 alan\u0131nda uzmanla\u015fm\u0131\u015f bir firmad\u0131r. M\u00fc\u015fterilerimizin ihtiya\u00e7lar\u0131na en iyi \u015fekilde yan\u0131t verebilmek i\u00e7in y\u00fcksek kalite standartlar\u0131n\u0131 benimsemekteyiz. Amac\u0131m\u0131z, sekt\u00f6rdeki yenilikleri takip ederek, m\u00fc\u015fterilerimize en iyi hizmeti sunmakt\u0131r.<\/p>\n<p><strong>Vizyonumuz:<\/strong> Sekt\u00f6r\u00fcm\u00fczde lider bir firma olarak, g\u00fcvenilir ve s\u00fcrd\u00fcr\u00fclebilir \u00e7\u00f6z\u00fcmler sunmak. M\u00fc\u015fterilerimizin i\u015f s\u00fcre\u00e7lerini kolayla\u015ft\u0131rmak ve verimliliklerini art\u0131rmak i\u00e7in s\u00fcrekli olarak kendimizi geli\u015ftirmekteyiz.<\/p>\n<p><strong>Misyonumuz:<\/strong> Y\u00fcksek kalite tomruk ata\u015fmanlar\u0131 \u00fcretmek ve m\u00fc\u015fteri memnuniyetini her zaman \u00f6n planda tutmak. Geli\u015fmi\u015f teknoloji ve uzman kadromuzla, \u00fcr\u00fcnlerimizin dayan\u0131kl\u0131l\u0131\u011f\u0131n\u0131 ve i\u015flevselli\u011fini art\u0131rmay\u0131 hedefliyoruz.<\/p>\n<p><strong>\u00dcr\u00fcnlerimiz:<\/strong><\/p>\n<ul>\n<li>Tomruk Ata\u015fmanlar\u0131<\/li>\n<li>Forklift Ata\u015fmanlar\u0131<\/li>\n<li>\u00d6zel \u00dcretim \u00c7\u00f6z\u00fcmleri<\/li>\n<\/ul>\n<p>Y\u00fcksek m\u00fchendislik bilgisi ile \u00fcretti\u011fimiz \u00fcr\u00fcnler, sekt\u00f6rdeki en zorlu ko\u015fullara dayanacak \u015fekilde tasarlanm\u0131\u015ft\u0131r. \u00dcr\u00fcnlerimiz, g\u00fcvenilirlik ve performans odakl\u0131d\u0131r.<\/p>\n<p><strong>Kalite Politikam\u0131z: K<\/strong>aliteyi her a\u015famada \u00f6ncelikli hedef olarak belirlemekte ve s\u00fcrekli iyile\u015ftirme s\u00fcre\u00e7lerini benimsemektedir. T\u00fcm \u00fcr\u00fcnlerimiz, uluslararas\u0131 kalite standartlar\u0131na uygun olarak \u00fcretilmekte ve titizlikle test edilmektedir.<\/p>\n<p><strong>\u0130leti\u015fim:<\/strong> Sizlere en iyi hizmeti sunabilmek i\u00e7in her zaman buraday\u0131z. Her t\u00fcrl\u00fc soru ve talepleriniz i\u00e7in bizimle ileti\u015fime ge\u00e7mekten \u00e7ekinmeyin.<\/p>\n","protected":false},"excerpt":{"rendered":"<p>Tar\u0131m, orman ve in\u015faat sekt\u00f6rlerinde kullan\u0131lan tomruk ata\u015fmanlar\u0131 alan\u0131nda uzmanla\u015fm\u0131\u015f bir firmad\u0131r. M\u00fc\u015fterilerimizin ihtiya\u00e7lar\u0131na en iyi \u015fekilde yan\u0131t verebilmek i\u00e7in y\u00fcksek kalite standartlar\u0131n\u0131 benimsemekteyiz. Amac\u0131m\u0131z, sekt\u00f6rdeki yenilikleri takip ederek, m\u00fc\u015fterilerimize en iyi hizmeti sunmakt\u0131r. Vizyonumuz: Sekt\u00f6r\u00fcm\u00fczde lider bir firma olarak, g\u00fcvenilir ve s\u00fcrd\u00fcr\u00fclebilir \u00e7\u00f6z\u00fcmler sunmak. M\u00fc\u015fterilerimizin i\u015f s\u00fcre\u00e7lerini kolayla\u015ft\u0131rmak ve verimliliklerini art\u0131rmak i\u00e7in s\u00fcrekli olarak [&hellip;]<\/p>\n","protected":false},"author":1,"featured_media":0,"parent":0,"menu_order":0,"comment_status":"closed","ping_status":"closed","template":"","meta":{"footnotes":""},"class_list":["post-744","page","type-page","status-publish","hentry"],"_links":{"self":[{"href":"https:\/\/www.tomrukatasmani.com\/index.php?rest_route=\/wp\/v2\/pages\/744","targetHints":{"allow":["GET"]}}],"collection":[{"href":"https:\/\/www.tomrukatasmani.com\/index.php?rest_route=\/wp\/v2\/pages"}],"about":[{"href":"https:\/\/www.tomrukatasmani.com\/index.php?rest_route=\/wp\/v2\/types\/page"}],"author":[{"embeddable":true,"href":"https:\/\/www.tomrukatasmani.com\/index.php?rest_route=\/wp\/v2\/users\/1"}],"replies":[{"embeddable":true,"href":"https:\/\/www.tomrukatasmani.com\/index.php?rest_route=%2Fwp%2Fv2%2Fcomments&post=744"}],"version-history":[{"count":1,"href":"https:\/\/www.tomrukatasmani.com\/index.php?rest_route=\/wp\/v2\/pages\/744\/revisions"}],"predecessor-version":[{"id":745,"href":"https:\/\/www.tomrukatasmani.com\/index.php?rest_route=\/wp\/v2\/pages\/744\/revisions\/745"}],"wp:attachment":[{"href":"https:\/\/www.tomrukatasmani.com\/index.php?rest_route=%2Fwp%2Fv2%2Fmedia&parent=744"}],"curies":[{"name":"wp","href":"https:\/\/api.w.org\/{rel}","templated":true}]}}